{"id":1044,"date":"2023-11-06T05:44:58","date_gmt":"2023-11-06T05:44:58","guid":{"rendered":"https:\/\/www.parroquiasanpablovi.es\/?page_id=1044"},"modified":"2024-11-09T17:28:18","modified_gmt":"2024-11-09T17:28:18","slug":"beneficios-fiscales","status":"publish","type":"page","link":"https:\/\/www.parroquiasanpablovi.es\/index.php\/juntos-crecemos-mejor\/beneficios-fiscales\/","title":{"rendered":"Beneficios Fiscales"},"content":{"rendered":"\n<p><strong>\u00bfPuedo obtener beneficios fiscales con mi donaci\u00f3n?<\/strong><\/p>\n\n\n\n<p>Si, tu donativo tiene beneficios fiscales y aqui te lo explicamos:<\/p>\n\n\n\n<p>Los primeros 250\u20ac de tu\u00a0<strong>donaci\u00f3n puntual<\/strong>\u00a0, tendr\u00e1n una deducci\u00f3n en la renta del 80%. Es decir, donando 20,80\u20ac\/mes o 250\u20ac\/a\u00f1o, te deduces 200\u20ac en tu declaraci\u00f3n de la renta, gracias a la Ley de Mecenazgo. Esto significa que el coste real para ti es de 50 \u20ac pero tu ayuda a la parroquia de 250 \u20ac<\/p>\n\n\n\n<p>Y si tu\u00a0<strong>donaci\u00f3n es peri\u00f3dica<\/strong>\u00a0te puedes deducir una cantidad mayor. Por ejemplo, si donas 300 \u20ac, a partir del tercer a\u00f1o, de los primeros 250 \u20ac te deduces el 80%, por lo que te devolver\u00e1n 200 \u20ac en la declaraci\u00f3n de la renta. De los restantes 50 \u20ac te deduces el 40% y recuperas 20 \u20ac. Por lo tanto, si tu donaci\u00f3n es de 300\u20ac recuperas 240 \u20ac.<\/p>\n\n\n\n<figure class=\"wp-block-table\"><table><tbody><tr><td><strong>Donativo mensual<\/strong><\/td><td><strong>Donativo anual<\/strong><\/td><td><strong>DEDUCCI\u00d3N desde enero 2020 (%)<\/strong><\/td><td><strong>Importe deducido al a\u00f1o<\/strong><\/td><td><strong>Total invertido A\u00d1O<\/strong><\/td><td><strong>TOTAL invertido MES<\/strong><\/td><\/tr><tr><td><strong>5<\/strong><\/td><td>60<\/td><td>80%<\/td><td>48<\/td><td>12<\/td><td><strong>1<\/strong><\/td><\/tr><tr><td><strong>10<\/strong><\/td><td>120<\/td><td>80%<\/td><td>96<\/td><td>24<\/td><td><strong>2<\/strong><\/td><\/tr><tr><td><strong>15<\/strong><\/td><td>180<\/td><td>80% <\/td><td>144<\/td><td>36<\/td><td><strong>3<\/strong><\/td><\/tr><tr><td><strong>20<\/strong><\/td><td>240<\/td><td>80%<\/td><td>192<\/td><td>48<\/td><td><strong>4<\/strong><\/td><\/tr><tr><td><strong>25<\/strong><\/td><td>300<\/td><td>80% de primeros 250\u20ac y 40% del resto<\/td><td>220<\/td><td>80<\/td><td><strong>6,66<\/strong><\/td><\/tr><tr><td><strong>30<\/strong><\/td><td>360<\/td><td>80% de primeros 250\u20ac y 40% del resto<\/td><td>244<\/td><td>116<\/td><td><strong>9,66<\/strong><\/td><\/tr><tr><td><strong>40<\/strong><\/td><td>480<\/td><td>80% de primeros 250\u20ac y 40% del resto<\/td><td>292<\/td><td>118<\/td><td><strong>15,66<\/strong><\/td><\/tr><tr><td><strong>50<\/strong><\/td><td>600<\/td><td>80% de primeros 250\u20ac y 40% del resto<\/td><td>340<\/td><td>260<\/td><td><strong>21,66<\/strong><\/td><\/tr><tr><td><strong>75<\/strong><\/td><td>900<\/td><td>80% de primeros 250\u20ac y 40% del resto<\/td><td>460<\/td><td>440<\/td><td><strong>36,6<\/strong>6<\/td><\/tr><tr><td><strong>100<\/strong><\/td><td>1200<\/td><td>80% de primeros 250\u20ac y 40% del resto<\/td><td>580<\/td><td>620<\/td><td><strong>51,6<\/strong>6<\/td><\/tr><\/tbody><\/table><figcaption class=\"wp-element-caption\"><br>El\u00a0<a href=\"https:\/\/www.boe.es\/buscar\/act.php?id=BOE-A-2023-25758\" target=\"_blank\" rel=\"noreferrer noopener\">Real Decreto-ley 6\/2023, de 19 de diciembre<\/a>\u00a0modific\u00f3 varios aspectos de la Ley 49\/2002 entre ellos los porcentajes de deducci\u00f3n aplicables a los donativos a entidades sin fines lucrativos. Estas modificaciones entraron en vigor 1 de enero de 2024 y por ello en la declaraci\u00f3n de IRPF correspondiente a 2023, que se present\u00f3 a partir de abril de 2024, se aplicaron los porcentajes de deducci\u00f3n anteriores a su entrada en vigor. Es decir, el 80% de deducci\u00f3n aplicar\u00e1 a los primeros 250\u20ac donados, y la cantidad restante tendr\u00e1 una deducci\u00f3n del 40% o del 45% si se ha donado al menos el mismo importe a la misma ONG en los dos ejercicios anteriores.<\/figcaption><\/figure>\n\n\n\n<figure class=\"wp-block-image size-full\"><img loading=\"lazy\" decoding=\"async\" width=\"800\" height=\"800\" src=\"https:\/\/www.parroquiasanpablovi.es\/wp-content\/uploads\/2024\/11\/image.png\" alt=\"\" class=\"wp-image-1621\" srcset=\"https:\/\/www.parroquiasanpablovi.es\/wp-content\/uploads\/2024\/11\/image.png 800w, https:\/\/www.parroquiasanpablovi.es\/wp-content\/uploads\/2024\/11\/image-300x300.png 300w, https:\/\/www.parroquiasanpablovi.es\/wp-content\/uploads\/2024\/11\/image-150x150.png 150w, https:\/\/www.parroquiasanpablovi.es\/wp-content\/uploads\/2024\/11\/image-768x768.png 768w\" sizes=\"auto, (max-width: 800px) 100vw, 800px\" \/><\/figure>\n","protected":false},"excerpt":{"rendered":"<p>\u00bfPuedo obtener beneficios fiscales con mi donaci\u00f3n? Si, tu donativo tiene beneficios fiscales y aqui te lo explicamos: Los primeros 250\u20ac de tu\u00a0donaci\u00f3n puntual\u00a0, tendr\u00e1n una deducci\u00f3n en la renta del 80%. Es decir, donando 20,80\u20ac\/mes o 250\u20ac\/a\u00f1o, te deduces 200\u20ac en tu declaraci\u00f3n de la renta, gracias a la Ley de Mecenazgo. Esto significa [&hellip;]<\/p>\n","protected":false},"author":1,"featured_media":0,"parent":309,"menu_order":0,"comment_status":"closed","ping_status":"closed","template":"","meta":{"footnotes":""},"class_list":["post-1044","page","type-page","status-publish","hentry"],"_links":{"self":[{"href":"https:\/\/www.parroquiasanpablovi.es\/index.php\/wp-json\/wp\/v2\/pages\/1044","targetHints":{"allow":["GET"]}}],"collection":[{"href":"https:\/\/www.parroquiasanpablovi.es\/index.php\/wp-json\/wp\/v2\/pages"}],"about":[{"href":"https:\/\/www.parroquiasanpablovi.es\/index.php\/wp-json\/wp\/v2\/types\/page"}],"author":[{"embeddable":true,"href":"https:\/\/www.parroquiasanpablovi.es\/index.php\/wp-json\/wp\/v2\/users\/1"}],"replies":[{"embeddable":true,"href":"https:\/\/www.parroquiasanpablovi.es\/index.php\/wp-json\/wp\/v2\/comments?post=1044"}],"version-history":[{"count":5,"href":"https:\/\/www.parroquiasanpablovi.es\/index.php\/wp-json\/wp\/v2\/pages\/1044\/revisions"}],"predecessor-version":[{"id":1622,"href":"https:\/\/www.parroquiasanpablovi.es\/index.php\/wp-json\/wp\/v2\/pages\/1044\/revisions\/1622"}],"up":[{"embeddable":true,"href":"https:\/\/www.parroquiasanpablovi.es\/index.php\/wp-json\/wp\/v2\/pages\/309"}],"wp:attachment":[{"href":"https:\/\/www.parroquiasanpablovi.es\/index.php\/wp-json\/wp\/v2\/media?parent=1044"}],"curies":[{"name":"wp","href":"https:\/\/api.w.org\/{rel}","templated":true}]}}