{"id":150,"date":"2023-01-11T18:27:06","date_gmt":"2023-01-11T18:27:06","guid":{"rendered":"http:\/\/parroquiasanpablovi.local\/?page_id=150"},"modified":"2023-11-06T07:08:18","modified_gmt":"2023-11-06T07:08:18","slug":"otros-servicios","status":"publish","type":"page","link":"https:\/\/www.parroquiasanpablovi.es\/index.php\/otros-servicios\/","title":{"rendered":"Otros Servicios"},"content":{"rendered":"<div data-colibri-id=\"150-c1\" class=\"style-255 style-local-150-c1 position-relative\">\n  <!---->\n  <div data-colibri-component=\"section\" data-colibri-id=\"150-c2\" id=\"overlappable-2\" class=\"h-section h-section-global-spacing d-flex align-items-lg-center align-items-md-center align-items-center style-260 style-local-150-c2 position-relative\">\n    <!---->\n    <!---->\n    <div class=\"h-section-grid-container h-section-boxed-container\">\n      <!---->\n      <div data-colibri-id=\"150-c3\" class=\"h-row-container gutters-row-lg-0 gutters-row-md-0 gutters-row-2 gutters-row-v-lg-0 gutters-row-v-md-0 gutters-row-v-2 style-261 style-local-150-c3 position-relative\">\n        <!---->\n        <div class=\"h-row justify-content-lg-center justify-content-md-center justify-content-center align-items-lg-stretch align-items-md-stretch align-items-stretch gutters-col-lg-0 gutters-col-md-0 gutters-col-2 gutters-col-v-lg-0 gutters-col-v-md-0 gutters-col-v-2\">\n          <!---->\n          <div class=\"h-column h-column-container d-flex h-col-lg-4 h-col-md-4 h-col-12 style-262-outer style-local-150-c4-outer\">\n            <div data-colibri-id=\"150-c4\" class=\"d-flex h-flex-basis h-column__inner h-px-lg-3 h-px-md-3 h-px-2 v-inner-lg-3 v-inner-md-3 v-inner-2 style-262 style-local-150-c4 position-relative\">\n              <!---->\n              <!---->\n              <div class=\"w-100 h-y-container h-column__content h-column__v-align flex-basis-100 align-self-lg-start align-self-md-start align-self-start\">\n                <!---->\n                <div data-colibri-id=\"150-c5\" class=\"h-icon style-263 style-local-150-c5 position-relative h-element\">\n                  <!----><span class=\"h-svg-icon h-icon__icon style-263-icon style-local-150-c5-icon\"><!--Icon by Font Awesome (https:\/\/fontawesome.com)-->\n    <svg version=\"1.1\" xmlns=\"http:\/\/www.w3.org\/2000\/svg\" xmlns:xlink=\"http:\/\/www.w3.org\/1999\/xlink\" id=\"heart\" viewBox=\"0 0 1792 1896.0833\">\n      <path d=\"M896 1664q-26 0-44-18l-624-602q-10-8-27.5-26T145 952.5 77 855 23.5 734 0 596q0-220 127-344t351-124q62 0 126.5 21.5t120 58T820 276t76 68q36-36 76-68t95.5-68.5 120-58T1314 128q224 0 351 124t127 344q0 221-229 450l-623 600q-18 18-44 18z\"><\/path>\n    <\/svg><\/span><\/div>\n                <div data-colibri-id=\"150-c6\" class=\"h-global-transition-all h-heading style-264 style-local-150-c6 position-relative h-element\">\n                  <!---->\n                  <div class=\"h-heading__outer style-264 style-local-150-c6\">\n                    <!---->\n                    <!---->\n                    <h5 class=\"\">Pastoral de la Salud<\/h5>\n                  <\/div>\n                <\/div>\n                <div data-colibri-id=\"150-c7\" class=\"h-text h-text-component style-265 style-local-150-c7 position-relative h-element\">\n                  <!---->\n                  <!---->\n                  <div class=\"\">\n                    <p>Atenci\u00f3n y visitas a los enfermos<\/p>\n                  <\/div>\n                <\/div>\n              <\/div>\n            <\/div>\n          <\/div>\n          <div class=\"h-column h-column-container d-flex h-col-lg-4 h-col-md-4 h-col-12 style-262-outer style-local-150-c8-outer\">\n            <div data-colibri-id=\"150-c8\" class=\"d-flex h-flex-basis h-column__inner h-px-lg-3 h-px-md-3 h-px-2 v-inner-lg-3 v-inner-md-3 v-inner-2 style-262 style-local-150-c8 position-relative\">\n              <!---->\n              <!---->\n              <div class=\"w-100 h-y-container h-column__content h-column__v-align flex-basis-100 align-self-lg-start align-self-md-start align-self-start\">\n                <!---->\n                <div data-colibri-id=\"150-c9\" class=\"h-icon style-263 style-local-150-c9 position-relative h-element\">\n                  <!----><span class=\"h-svg-icon h-icon__icon style-263-icon style-local-150-c9-icon\"><!--Icon by Font Awesome (https:\/\/fontawesome.com)-->\n    <svg version=\"1.1\" xmlns=\"http:\/\/www.w3.org\/2000\/svg\" xmlns:xlink=\"http:\/\/www.w3.org\/1999\/xlink\" id=\"users\" viewBox=\"0 0 1920 1896.0833\">\n      <path d=\"M593 896q-162 5-265 128H194q-82 0-138-40.5T0 865q0-353 124-353 6 0 43.5 21t97.5 42.5T384 597q67 0 133-23-5 37-5 66 0 139 81 256zm1071 637q0 120-73 189.5t-194 69.5H523q-121 0-194-69.5T256 1533q0-53 3.5-103.5t14-109T300 1212t43-97.5 62-81 85.5-53.5T602 960q10 0 43 21.5t73 48 107 48 135 21.5 135-21.5 107-48 73-48 43-21.5q61 0 111.5 20t85.5 53.5 62 81 43 97.5 26.5 108.5 14 109 3.5 103.5zM640 256q0 106-75 181t-181 75-181-75-75-181 75-181T384 0t181 75 75 181zm704 384q0 159-112.5 271.5T960 1024 688.5 911.5 576 640t112.5-271.5T960 256t271.5 112.5T1344 640zm576 225q0 78-56 118.5t-138 40.5h-134q-103-123-265-128 81-117 81-256 0-29-5-66 66 23 133 23 59 0 119-21.5t97.5-42.5 43.5-21q124 0 124 353zm-128-609q0 106-75 181t-181 75-181-75-75-181 75-181 181-75 181 75 75 181z\"><\/path>\n    <\/svg><\/span><\/div>\n                <div data-colibri-id=\"150-c10\" class=\"h-global-transition-all h-heading style-264 style-local-150-c10 position-relative h-element\">\n                  <!---->\n                  <div class=\"h-heading__outer style-264 style-local-150-c10\">\n                    <!---->\n                    <!---->\n                    <h5 class=\"\">Consejo Pastoral<\/h5>\n                  <\/div>\n                <\/div>\n                <div data-colibri-id=\"150-c11\" class=\"h-text h-text-component style-265 style-local-150-c11 position-relative h-element\">\n                  <!---->\n                  <!---->\n                  <div class=\"\">\n                    <p>Una vez al trimestre<\/p>\n                  <\/div>\n                <\/div>\n              <\/div>\n            <\/div>\n          <\/div>\n          <div class=\"h-column h-column-container d-flex h-col-lg-4 h-col-md-4 h-col-12 style-262-outer style-local-150-c12-outer\">\n            <div data-colibri-id=\"150-c12\" class=\"d-flex h-flex-basis h-column__inner h-px-lg-3 h-px-md-3 h-px-2 v-inner-lg-3 v-inner-md-3 v-inner-2 style-262 style-local-150-c12 position-relative\">\n              <!---->\n              <!---->\n              <div class=\"w-100 h-y-container h-column__content h-column__v-align flex-basis-100 align-self-lg-start align-self-md-start align-self-start\">\n                <!---->\n                <div data-colibri-id=\"150-c13\" class=\"h-icon style-263 style-local-150-c13 position-relative h-element\">\n                  <!----><span class=\"h-svg-icon h-icon__icon style-263-icon style-local-150-c13-icon\"><!--Icon by Font Awesome (https:\/\/fontawesome.com)-->\n    <svg version=\"1.1\" xmlns=\"http:\/\/www.w3.org\/2000\/svg\" xmlns:xlink=\"http:\/\/www.w3.org\/1999\/xlink\" id=\"plus-square\" viewBox=\"0 0 1536 1896.0833\">\n      <path d=\"M1280 960V832q0-26-19-45t-45-19H896V448q0-26-19-45t-45-19H704q-26 0-45 19t-19 45v320H320q-26 0-45 19t-19 45v128q0 26 19 45t45 19h320v320q0 26 19 45t45 19h128q26 0 45-19t19-45v-320h320q26 0 45-19t19-45zm256-544v960q0 119-84.5 203.5T1248 1664H288q-119 0-203.5-84.5T0 1376V416q0-119 84.5-203.5T288 128h960q119 0 203.5 84.5T1536 416z\"><\/path>\n    <\/svg><\/span><\/div>\n                <div data-colibri-id=\"150-c14\" class=\"h-global-transition-all h-heading style-264 style-local-150-c14 position-relative h-element\">\n                  <!---->\n                  <div class=\"h-heading__outer style-264 style-local-150-c14\">\n                    <!---->\n                    <!---->\n                    <h5 class=\"\">C\u00e1ritas<\/h5>\n                  <\/div>\n                <\/div>\n                <div data-colibri-id=\"150-c15\" class=\"h-text h-text-component style-265 style-local-150-c15 position-relative h-element\">\n                  <!---->\n                  <!---->\n                  <div class=\"\">\n                    <p>Atenci\u00f3n a familias.<\/p>\n                    <p>Cita previa a trav\u00e9s de:<\/p>\n                    <p>caritassanpablovi.trescantos@gmail.com<\/p>\n                  <\/div>\n                <\/div>\n              <\/div>\n            <\/div>\n          <\/div>\n        <\/div>\n      <\/div>\n    <\/div>\n  <\/div>\n<\/div>","protected":false},"excerpt":{"rendered":"<p>Pastoral de la Salud Atenci\u00f3n y visitas a los enfermos Consejo Pastoral Una vez al trimestre C\u00e1ritas Atenci\u00f3n a familias. Cita previa a trav\u00e9s de: caritassanpablovi.trescantos@gmail.com<\/p>\n","protected":false},"author":1,"featured_media":0,"parent":0,"menu_order":0,"comment_status":"closed","ping_status":"closed","template":"page-templates\/full-width-page.php","meta":{"footnotes":""},"class_list":["post-150","page","type-page","status-publish","hentry"],"_links":{"self":[{"href":"https:\/\/www.parroquiasanpablovi.es\/index.php\/wp-json\/wp\/v2\/pages\/150","targetHints":{"allow":["GET"]}}],"collection":[{"href":"https:\/\/www.parroquiasanpablovi.es\/index.php\/wp-json\/wp\/v2\/pages"}],"about":[{"href":"https:\/\/www.parroquiasanpablovi.es\/index.php\/wp-json\/wp\/v2\/types\/page"}],"author":[{"embeddable":true,"href":"https:\/\/www.parroquiasanpablovi.es\/index.php\/wp-json\/wp\/v2\/users\/1"}],"replies":[{"embeddable":true,"href":"https:\/\/www.parroquiasanpablovi.es\/index.php\/wp-json\/wp\/v2\/comments?post=150"}],"version-history":[{"count":2,"href":"https:\/\/www.parroquiasanpablovi.es\/index.php\/wp-json\/wp\/v2\/pages\/150\/revisions"}],"predecessor-version":[{"id":1089,"href":"https:\/\/www.parroquiasanpablovi.es\/index.php\/wp-json\/wp\/v2\/pages\/150\/revisions\/1089"}],"wp:attachment":[{"href":"https:\/\/www.parroquiasanpablovi.es\/index.php\/wp-json\/wp\/v2\/media?parent=150"}],"curies":[{"name":"wp","href":"https:\/\/api.w.org\/{rel}","templated":true}]}}