{"id":1598,"date":"2024-11-09T16:53:41","date_gmt":"2024-11-09T16:53:41","guid":{"rendered":"https:\/\/www.parroquiasanpablovi.es\/?page_id=1598"},"modified":"2025-01-12T14:27:35","modified_gmt":"2025-01-12T14:27:35","slug":"una-historia-por-construir","status":"publish","type":"page","link":"https:\/\/www.parroquiasanpablovi.es\/index.php\/una-historia-por-construir\/","title":{"rendered":"Una Historia por Construir"},"content":{"rendered":"\n<p><strong>SIN T\u00cd NO HAY PRESENTE, CONTIGO HAY FUTURO.<\/strong><\/p>\n\n\n\n<p><strong>Nuestra Parroquia San Pablo VI de Tres Cantos te invita a formar parte de una historia que se escribe d\u00eda a d\u00eda, una historia de fe, de comunidad y de amor: la construcci\u00f3n de nuestro nuevo templo.<\/strong> Este proyecto, impulsado por el incre\u00edble crecimiento que hemos experimentado desde nuestra apertura en 2018, nos permitir\u00e1 seguir acogiendo a m\u00e1s personas y ofrecerles un espacio digno para vivir su fe. Nuestro objetivo es tener el nuevo templo construido para el verano de 2028.<\/p>\n\n\n\n<p><strong>Mucho m\u00e1s que un edificio, estamos construyendo una familia unida en Cristo, donde todos tienen cabida.<\/strong> Como lo expresa Cristina, una feligr\u00e9s: \u00abes como una familia, no es familia de sangre, pero es familia unida en Cristo\u00bb. Y es que desde nuestros inicios, la Parroquia San Pablo VI ha sido un lugar donde las personas se encuentran con Dios y con los dem\u00e1s. Aqu\u00ed, las homil\u00edas del Padre Juan Carlos resuenan en los corazones, la m\u00fasica del coro llena el alma, y la energ\u00eda del grupo de j\u00f3venes contagia a todos.<\/p>\n\n\n\n<p><strong>Te invitamos a ser parte de esta historia de amor y esperanza.<\/strong> Como dice Javier, un joven feligr\u00e9s: \u00abes como un radiador en medio del invierno, o sea, t\u00fa puedes venir aqu\u00ed un d\u00eda a misa de 7:30 por la tarde, ahora que adem\u00e1s est\u00e1 oscuro y la verdad que sales nuevo\u00bb. An\u00edmate a entrar en este \u00abbarrac\u00f3n\u00bb, como muchos lo llaman, a conocer a la gente y dejarte querer por Jes\u00fas.<\/p>\n\n\n\n<p><strong>Tu participaci\u00f3n es vital para hacer realidad este sue\u00f1o.<\/strong> Puedes unirte a esta historia de muchas maneras:<\/p>\n\n\n\n<ul class=\"wp-block-list\">\n<li><strong>Siendo parte de nuestra comunidad:<\/strong> Participa en las misas, \u00fanete a los grupos parroquiales o simplemente ven a visitarnos. Te esperamos con los brazos abiertos.<\/li>\n\n\n\n<li><strong>Difundiendo nuestra historia:<\/strong> Comparte este sitio web, <a href=\"https:\/\/www.instagram.com\/sanpablovi_trescantos\/\" data-type=\"link\" data-id=\"https:\/\/www.instagram.com\/sanpablovi_trescantos\/\">nuestro instagram, @sanpablovi_trescantos<\/a>, o <a href=\"https:\/\/www.parroquiasanpablovi.es\/wp-content\/uploads\/2024\/11\/FOLLETO2024.pdf\">el folleto<\/a>, con tus conocidos e inv\u00edtalos a ser parte de esta aventura.<\/li>\n\n\n\n<li><strong>Aportando tu granito de arena:<\/strong> Hay muchas formas de colaborar, desde con tu tiempo y tus habilidades hasta econ\u00f3micamente. Cualquier colaboraci\u00f3n, por peque\u00f1a que sea, nos ayuda a construir este sue\u00f1o juntos. Puedes suscribirte:\n<ul class=\"wp-block-list\">\n<li><a href=\"https:\/\/www.parroquiasanpablovi.es\/wp-content\/uploads\/2024\/03\/ficha-SUSCRIPCION-PARROQUIA-SPVI.pdf\" target=\"_blank\" rel=\"noreferrer noopener\">Descarg\u00e1ndote el formulario de suscripci\u00f3n, pinchando sobre estas l\u00edneas. Es un pdf con un formulario editable, por lo que puedes rellenarlo desde tu movil, tablet u ordenador.<\/a>\u00a0 Como ver\u00e1s en el formulario, puedes elegir el importe (5, 10, 20, 30 euros\u2026) y la periodicidad (mensual, trimestral, semestral, anual o puntual). \u00a1 T\u00fa decides! Pero adem\u00e1s\u00a0<strong>tu donativo tiene beneficios fiscales<\/strong>.\u00a0<a href=\"https:\/\/www.parroquiasanpablovi.es\/index.php\/juntos-crecemos-mejor\/beneficios-fiscales\/\" target=\"_blank\" rel=\"noreferrer noopener\">En este enlace te dejamos m\u00e1s detalles.<\/a> Y luego tienes dos opciones:\n<ul class=\"wp-block-list\">\n<li>Imprimirlo y acercarlo a la parroquia.<\/li>\n\n\n\n<li>Enviarlo por email a&nbsp;<a href=\"mailto:sanpablovi@archimadrid.es\" target=\"_blank\" rel=\"noreferrer noopener\">sanpablovi@archimadrid.es<\/a><\/li>\n<\/ul>\n<\/li>\n\n\n\n<li><a href=\"https:\/\/www.parroquiasanpablovi.es\/index.php\/suscripciones-web\/\" data-type=\"page\" data-id=\"1663\">Usando nuestro formulario online.<\/a> <\/li>\n<\/ul>\n<\/li>\n<\/ul>\n\n\n\n<p><strong>El primer paso ya est\u00e1 dado: el levantamiento topogr\u00e1fico de la parcela, y este mes se realizar\u00e1 el estudio geot\u00e9cnico del terreno.<\/strong> \u00danete a nosotros en este emocionante camino y construyamos juntos un espacio de fe, esperanza y amor para todos. <\/p>\n\n\n\n<p>S\u00edguenos en nuestras redes sociales: <a href=\"https:\/\/www.instagram.com\/sanpablovi_trescantos\/\">@sanpablovi_trescantos en Instagram<\/a> para mantenerte al tanto de nuestro progreso y de los testimonios de los feligreses.<\/p>\n\n\n\n<p><strong>\u00a1No tengas miedo de acercarte a Cristo, que \u00c9l te espera con los brazos abiertos!<\/strong><\/p>\n\n\n\n<p><strong>Vente, p\u00e1sate por aqu\u00ed. Ten ganas, no tengas miedo, que Cristo te espera con los brazos abiertos.<\/strong><\/p>\n\n\n\n<figure class=\"wp-block-image size-large\"><img loading=\"lazy\" decoding=\"async\" width=\"1024\" height=\"341\" src=\"https:\/\/www.parroquiasanpablovi.es\/wp-content\/uploads\/2024\/11\/INFOGRAFIACAMPANA-1024x341.jpeg\" alt=\"\" class=\"wp-image-1624\" srcset=\"https:\/\/www.parroquiasanpablovi.es\/wp-content\/uploads\/2024\/11\/INFOGRAFIACAMPANA-1024x341.jpeg 1024w, https:\/\/www.parroquiasanpablovi.es\/wp-content\/uploads\/2024\/11\/INFOGRAFIACAMPANA-300x100.jpeg 300w, https:\/\/www.parroquiasanpablovi.es\/wp-content\/uploads\/2024\/11\/INFOGRAFIACAMPANA-768x256.jpeg 768w, https:\/\/www.parroquiasanpablovi.es\/wp-content\/uploads\/2024\/11\/INFOGRAFIACAMPANA-1536x512.jpeg 1536w, https:\/\/www.parroquiasanpablovi.es\/wp-content\/uploads\/2024\/11\/INFOGRAFIACAMPANA-2048x683.jpeg 2048w\" sizes=\"auto, (max-width: 1024px) 100vw, 1024px\" \/><\/figure>\n\n\n\n<p><\/p>\n","protected":false},"excerpt":{"rendered":"<p>SIN T\u00cd NO HAY PRESENTE, CONTIGO HAY FUTURO. Nuestra Parroquia San Pablo VI de Tres Cantos te invita a formar parte de una historia que se escribe d\u00eda a d\u00eda, una historia de fe, de comunidad y de amor: la construcci\u00f3n de nuestro nuevo templo. Este proyecto, impulsado por el incre\u00edble crecimiento que hemos experimentado [&hellip;]<\/p>\n","protected":false},"author":2,"featured_media":0,"parent":0,"menu_order":0,"comment_status":"closed","ping_status":"closed","template":"","meta":{"footnotes":""},"class_list":["post-1598","page","type-page","status-publish","hentry"],"_links":{"self":[{"href":"https:\/\/www.parroquiasanpablovi.es\/index.php\/wp-json\/wp\/v2\/pages\/1598","targetHints":{"allow":["GET"]}}],"collection":[{"href":"https:\/\/www.parroquiasanpablovi.es\/index.php\/wp-json\/wp\/v2\/pages"}],"about":[{"href":"https:\/\/www.parroquiasanpablovi.es\/index.php\/wp-json\/wp\/v2\/types\/page"}],"author":[{"embeddable":true,"href":"https:\/\/www.parroquiasanpablovi.es\/index.php\/wp-json\/wp\/v2\/users\/2"}],"replies":[{"embeddable":true,"href":"https:\/\/www.parroquiasanpablovi.es\/index.php\/wp-json\/wp\/v2\/comments?post=1598"}],"version-history":[{"count":7,"href":"https:\/\/www.parroquiasanpablovi.es\/index.php\/wp-json\/wp\/v2\/pages\/1598\/revisions"}],"predecessor-version":[{"id":1671,"href":"https:\/\/www.parroquiasanpablovi.es\/index.php\/wp-json\/wp\/v2\/pages\/1598\/revisions\/1671"}],"wp:attachment":[{"href":"https:\/\/www.parroquiasanpablovi.es\/index.php\/wp-json\/wp\/v2\/media?parent=1598"}],"curies":[{"name":"wp","href":"https:\/\/api.w.org\/{rel}","templated":true}]}}