{"id":309,"date":"2023-01-15T16:19:32","date_gmt":"2023-01-15T15:19:32","guid":{"rendered":"http:\/\/parroquiasanpablovi.local\/?page_id=309"},"modified":"2025-01-12T14:31:52","modified_gmt":"2025-01-12T14:31:52","slug":"juntos-crecemos-mejor","status":"publish","type":"page","link":"https:\/\/www.parroquiasanpablovi.es\/index.php\/juntos-crecemos-mejor\/","title":{"rendered":"Juntos Crecemos Mejor"},"content":{"rendered":"<div data-colibri-id=\"309-c1\" class=\"style-302 style-local-309-c1 position-relative\">\n  <!---->\n  <div data-colibri-component=\"section\" data-colibri-id=\"309-c2\" id=\"about-2\" class=\"h-section h-section-global-spacing d-flex align-items-lg-center align-items-md-center align-items-center style-307 style-local-309-c2 position-relative\">\n    <!---->\n    <!---->\n    <div class=\"h-section-grid-container h-section-boxed-container\">\n      <!---->\n      <div data-colibri-id=\"309-c3\" class=\"h-row-container gutters-row-lg-2 gutters-row-md-2 gutters-row-2 gutters-row-v-lg-2 gutters-row-v-md-2 gutters-row-v-2 style-308 style-local-309-c3 position-relative\">\n        <!---->\n        <div class=\"h-row justify-content-lg-center justify-content-md-center justify-content-center align-items-lg-stretch align-items-md-stretch align-items-stretch gutters-col-lg-2 gutters-col-md-2 gutters-col-2 gutters-col-v-lg-2 gutters-col-v-md-2 gutters-col-v-2\">\n          <!---->\n          <div class=\"h-column h-column-container d-flex h-col-lg-auto h-col-md-auto h-col-auto style-309-outer style-local-309-c4-outer\">\n            <div data-colibri-id=\"309-c4\" class=\"d-flex h-flex-basis h-column__inner h-px-lg-2 h-px-md-2 h-px-2 v-inner-lg-2 v-inner-md-2 v-inner-2 style-309 style-local-309-c4 position-relative\">\n              <!---->\n              <!---->\n              <div class=\"w-100 h-y-container h-column__content h-column__v-align flex-basis-100 align-self-lg-center align-self-md-center align-self-center\">\n                <!---->\n                <div data-colibri-id=\"309-c5\" class=\"h-global-transition-all h-heading style-311 style-local-309-c5 position-relative h-element\">\n                  <!---->\n                  <div class=\"h-heading__outer style-311 style-local-309-c5\">\n                    <!---->\n                    <!---->\n                    <h2 class=\"\">Entre todos hacemos parroquia, cada aportaci\u00f3n suma.<\/h2>\n                  <\/div>\n                <\/div>\n                <div data-colibri-id=\"309-c6\" class=\"h-text h-text-component style-312 style-local-309-c6 position-relative h-element\">\n                  <!---->\n                  <!---->\n                  <div class=\"\">\n                    <p><span style=\"font-weight: 300; font-size: 20px; font-family: &quot;Open Sans&quot;; color: rgb(37, 41, 42);\">Hay distintas formas de sumar, elige la tuya.<\/span><\/p>\n                  <\/div>\n                <\/div>\n              <\/div>\n            <\/div>\n          <\/div>\n          <div class=\"h-column h-column-container d-flex h-col-lg-auto h-col-md-auto h-col-auto style-315-outer style-local-309-c7-outer\">\n            <div data-colibri-id=\"309-c7\" class=\"d-flex h-flex-basis h-column__inner h-px-lg-2 h-px-md-2 h-px-2 v-inner-lg-2 v-inner-md-2 v-inner-2 style-315 style-local-309-c7 position-relative\">\n              <!---->\n              <!---->\n              <div class=\"w-100 h-y-container h-column__content h-column__v-align flex-basis-100 align-self-lg-center align-self-md-center align-self-center\">\n                <!---->\n                <div data-colibri-id=\"309-c8\" class=\"d-block style-316 style-local-309-c8 position-relative h-element\">\n                  <!---->\n                  <div class=\"h-image__frame-container-outer\">\n                    <div class=\"h-image__frame-container\">\n                      <!---->\n                      <!---->\n                      <img loading=\"lazy\" decoding=\"async\" width=\"1536\" height=\"1419\" src=\"https:\/\/parroquiasanpablovi.archimadrid.es\/wordpress\/wp-content\/uploads\/2023\/01\/cropped-IMG_2831-scaled-1-1536x1419-1.jpg\" class=\"wp-image-542 style-316-image style-local-309-c8-image\" alt=\"\" srcset=\"https:\/\/www.parroquiasanpablovi.es\/wp-content\/uploads\/2023\/01\/cropped-IMG_2831-scaled-1-1536x1419-1.jpg 1536w, https:\/\/www.parroquiasanpablovi.es\/wp-content\/uploads\/2023\/01\/cropped-IMG_2831-scaled-1-1536x1419-1-300x277.jpg 300w, https:\/\/www.parroquiasanpablovi.es\/wp-content\/uploads\/2023\/01\/cropped-IMG_2831-scaled-1-1536x1419-1-1024x946.jpg 1024w, https:\/\/www.parroquiasanpablovi.es\/wp-content\/uploads\/2023\/01\/cropped-IMG_2831-scaled-1-1536x1419-1-768x710.jpg 768w\" sizes=\"auto, (max-width: 1536px) 100vw, 1536px\" \/>\n                      <div class=\"h-image__frame h-hide-sm style-316-frameImage style-local-309-c8-frameImage\"><\/div>\n                    <\/div>\n                  <\/div>\n                <\/div>\n              <\/div>\n            <\/div>\n          <\/div>\n        <\/div>\n      <\/div>\n    <\/div>\n  <\/div>\n  <div data-colibri-component=\"section\" data-colibri-id=\"309-c9\" id=\"features\" class=\"h-section h-section-global-spacing d-flex align-items-lg-center align-items-md-center align-items-center style-317 style-local-309-c9 position-relative\">\n    <!---->\n    <!---->\n    <div class=\"h-section-grid-container h-section-boxed-container\">\n      <!---->\n      <div data-colibri-id=\"309-c10\" class=\"h-row-container gutters-row-lg-2 gutters-row-md-2 gutters-row-2 gutters-row-v-lg-2 gutters-row-v-md-2 gutters-row-v-2 style-318 style-local-309-c10 position-relative\">\n        <!---->\n        <div class=\"h-row justify-content-lg-center justify-content-md-center justify-content-center align-items-lg-stretch align-items-md-stretch align-items-stretch gutters-col-lg-2 gutters-col-md-2 gutters-col-2 gutters-col-v-lg-2 gutters-col-v-md-2 gutters-col-v-2\">\n          <!---->\n          <div class=\"h-column h-column-container d-flex h-col-lg-4 h-col-md-6 h-col-12 style-319-outer style-local-309-c11-outer\">\n            <div data-colibri-id=\"309-c11\" class=\"d-flex h-flex-basis h-column__inner h-px-lg-2 h-px-md-2 h-px-2 v-inner-lg-2 v-inner-md-2 v-inner-2 style-319 style-local-309-c11 position-relative\">\n              <!---->\n              <!---->\n              <div class=\"w-100 h-y-container h-column__content h-column__v-align flex-basis-100 align-self-lg-start align-self-md-start align-self-start\">\n                <!---->\n                <div data-colibri-id=\"309-c12\" class=\"h-icon style-320 style-local-309-c12 position-relative h-element\">\n                  <!----><span class=\"h-svg-icon h-icon__icon style-320-icon style-local-309-c12-icon\"><!--Icon by Icons8 Line Awesome (https:\/\/icons8.com\/line-awesome)--><svg version=\"1.1\" xmlns=\"http:\/\/www.w3.org\/2000\/svg\" xmlns:xlink=\"http:\/\/www.w3.org\/1999\/xlink\" id=\"connectdevelop\" viewBox=\"0 0 512 545.5\"><path d=\"M146.5 99h219l4.5 8 100 174.5 4.5 8-4.5 8L370 472l-4.5 8h-219l-4.5-8L42 297.5l-4.5-8 4.5-8L142 107zm39 32l25 26 73-26h-98zm146 0L223 169.5l35 36.5zm-167 1.5l-.5 1V174l30.5-11zm184.5 3l-79.5 82 57 59L391 208zm-201 26L135 184l13-4.5v-18zm58.5 14L164 191v62l23.5 25 59.5-60.5zm-58.5 21l-25.5 9-1 2L148 236v-39.5zM113 222l-38.5 67.5 38 66L148 319v-59.5zm285 2l-60.5 64 38.5 39.5zm-140 5l-59.5 61 57.5 61 59.5-63zm152.5 13.5l-20.5 99 11 11.5 36.5-63.5zm-246.5 34v26l12.5-13zm162.5 23L267 363l8.5 9H367l5.5-25.5zm-139 2L164 325v47h72l9-9zm-39.5 40L120.5 370l1.5 2h26v-30.5zm238 19l-2.5 11.5h6.5l2.5-4.5zM131 388l17 29.5V388h-17zm33 0v57.5l1 2 56-59.5h-57zm79 0l-56.5 60h138l-56-60H243zm47.5 0l56 60 7-12 10-48h-73zm89.5 0l-.5 2.5 1.5-2.5h-1z\"><\/path><\/svg><\/span><\/div>\n                <div\n                  data-colibri-id=\"309-c13\" class=\"h-global-transition-all h-heading style-321 style-local-309-c13 position-relative h-element\">\n                  <!---->\n                  <div class=\"h-heading__outer style-321 style-local-309-c13\">\n                    <!---->\n                    <!---->\n                    <h4 class=\"\">Suscripci\u00f3n<\/h4>\n                  <\/div>\n              <\/div>\n              <div data-colibri-id=\"309-c14\" class=\"h-text h-text-component style-322 style-local-309-c14 position-relative h-element\">\n                <!---->\n                <!---->\n                <div class=\"\">\n                  <p>La mejor forma de colaborar econ\u00f3micamente con la parroquia, es a trav\u00e9s de una suscripci\u00f3n peri\u00f3dica.&nbsp;<\/p>\n                  <p>Conocer cu\u00e1les son los ingresos con los que contamos previamente, nos permite hacer una mejor gesti\u00f3n de dichos recursos econ\u00f3micos y empezar a construir.<\/p>\n                  <p>En \u00abSuscripci\u00f3n\u00bb pode\u00eds descargar el formulario de suscripci\u00f3n que pod\u00e9is enviar al correo&nbsp;<span style=\"color: rgb(70, 112, 127); font-family: &quot;Open Sans&quot;; font-size: 16px; font-weight: 400;\">sanpablovi@archimadrid.es.<\/span><\/p>\n                  <p><span style=\"color: rgb(70, 112, 127); font-family: &quot;Open Sans&quot;; font-size: 16px; font-weight: 400;\">En \u00abBeneficios Fiscales\u00bb encontrare\u00eds que deducciones tendre\u00eds con vuestra donaci\u00f3n peri\u00f3dica.<\/span><\/p>\n                <\/div>\n              <\/div>\n              <div data-colibri-id=\"309-c15\" class=\"h-x-container style-325 style-local-309-c15 position-relative h-element\">\n                <!---->\n                <div class=\"h-x-container-inner style-dynamic-309-c15-group style-325-spacing style-local-309-c15-spacing\"><span class=\"h-button__outer style-626-outer style-local-309-c27-outer d-inline-flex h-element\"><a h-use-smooth-scroll=\"true\" href=\"https:\/\/www.parroquiasanpablovi.es\/index.php\/suscripciones-web\/\"  data-colibri-id=\"309-c27\" class=\"d-flex w-100 align-items-center h-button justify-content-lg-center justify-content-md-center justify-content-center style-626 style-local-309-c27 position-relative\"><!----><!----> <span>SUSCRIPCI\u00d3N ONLINE<\/span><\/a>\n                  <\/span><span class=\"h-button__outer style-324-outer style-local-309-c16-outer d-inline-flex h-element\"><a h-use-smooth-scroll=\"true\" href=\"https:\/\/www.parroquiasanpablovi.es\/wp-content\/uploads\/2024\/03\/ficha-SUSCRIPCION-PARROQUIA-SPVI.pdf\"  data-colibri-id=\"309-c16\" class=\"d-flex w-100 align-items-center h-button justify-content-lg-center justify-content-md-center justify-content-center style-324 style-local-309-c16 position-relative\"><!----><!----> <span>Suscripci\u00f3n PDF<\/span><\/a>\n                  <\/span>\n                <\/div>\n              <\/div>\n              <div data-colibri-id=\"309-c17\" class=\"h-x-container style-491 style-local-309-c17 position-relative h-element\">\n                <!---->\n                <div class=\"h-x-container-inner style-dynamic-309-c17-group style-491-spacing style-local-309-c17-spacing\"><span class=\"h-button__outer style-492-outer style-local-309-c18-outer d-inline-flex h-element\"><a h-use-smooth-scroll=\"true\" href=\"https:\/\/www.parroquiasanpablovi.es\/index.php\/juntos-crecemos-mejor\/beneficios-fiscales\/\"  data-colibri-id=\"309-c18\" class=\"d-flex w-100 align-items-center h-button justify-content-lg-center justify-content-md-center justify-content-center style-492 style-local-309-c18 position-relative\"><!----><!----> <span>Beneficios Fiscales<\/span><\/a>\n                  <\/span>\n                <\/div>\n              <\/div>\n            <\/div>\n          <\/div>\n        <\/div>\n        <div class=\"h-column h-column-container d-flex h-col-lg-4 h-col-md-6 h-col-12 style-319-outer style-local-309-c19-outer\">\n          <div data-colibri-id=\"309-c19\" class=\"d-flex h-flex-basis h-column__inner h-px-lg-2 h-px-md-2 h-px-2 v-inner-lg-2 v-inner-md-2 v-inner-2 style-319 style-local-309-c19 position-relative\">\n            <!---->\n            <!---->\n            <div class=\"w-100 h-y-container h-column__content h-column__v-align flex-basis-100 align-self-lg-start align-self-md-start align-self-start\">\n              <!---->\n              <div data-colibri-id=\"309-c20\" class=\"h-icon style-320 style-local-309-c20 position-relative h-element\">\n                <!----><span class=\"h-svg-icon h-icon__icon style-320-icon style-local-309-c20-icon\"><!--Icon by Font Awesome (https:\/\/fontawesome.com)-->\n    <svg version=\"1.1\" xmlns=\"http:\/\/www.w3.org\/2000\/svg\" xmlns:xlink=\"http:\/\/www.w3.org\/1999\/xlink\" id=\"bank\" viewBox=\"0 0 2048 1896.0833\">\n      <path d=\"M960 0l960 384v128h-128q0 26-20.5 45t-48.5 19H197q-28 0-48.5-19T128 512H0V384zM256 640h256v768h128V640h256v768h128V640h256v768h128V640h256v768h59q28 0 48.5 19t20.5 45v64H128v-64q0-26 20.5-45t48.5-19h59V640zm1595 960q28 0 48.5 19t20.5 45v128H0v-128q0-26 20.5-45t48.5-19h1782z\"><\/path>\n    <\/svg><\/span><\/div>\n              <div data-colibri-id=\"309-c21\" class=\"h-global-transition-all h-heading style-321 style-local-309-c21 position-relative h-element\">\n                <!---->\n                <div class=\"h-heading__outer style-321 style-local-309-c21\">\n                  <!---->\n                  <!---->\n                  <h4 class=\"\">Transferencia<\/h4>\n                <\/div>\n              <\/div>\n              <div data-colibri-id=\"309-c22\" class=\"h-text h-text-component style-322 style-local-309-c22 position-relative h-element\">\n                <!---->\n                <!---->\n                <div class=\"\">\n                  <p>Cuenta Parroquia San Pablo VI<\/p>\n                  <p>Banco Santander<\/p>\n                  <p>ES310049 5068 14 2816510401<\/p>\n                <\/div>\n              <\/div>\n            <\/div>\n          <\/div>\n        <\/div>\n        <div class=\"h-column h-column-container d-flex h-col-lg-4 h-col-md-6 h-col-12 style-319-outer style-local-309-c23-outer\">\n          <div data-colibri-id=\"309-c23\" class=\"d-flex h-flex-basis h-column__inner h-px-lg-2 h-px-md-2 h-px-2 v-inner-lg-2 v-inner-md-2 v-inner-2 style-319 style-local-309-c23 position-relative\">\n            <!---->\n            <!---->\n            <div class=\"w-100 h-y-container h-column__content h-column__v-align flex-basis-100 align-self-lg-start align-self-md-start align-self-start\">\n              <!---->\n              <div data-colibri-id=\"309-c24\" class=\"h-icon style-320 style-local-309-c24 position-relative h-element\">\n                <!----><span class=\"h-svg-icon h-icon__icon style-320-icon style-local-309-c24-icon\"><!--Icon by Font Awesome (https:\/\/fontawesome.com)-->\n    <svg version=\"1.1\" xmlns=\"http:\/\/www.w3.org\/2000\/svg\" xmlns:xlink=\"http:\/\/www.w3.org\/1999\/xlink\" id=\"mobile\" viewBox=\"0 0 1056.9019 1896.0833\">\n      <path d=\"M464 1408q0-33-23.5-56.5T384 1328t-56.5 23.5T304 1408t23.5 56.5T384 1488t56.5-23.5T464 1408zm208-160V544q0-13-9.5-22.5T640 512H128q-13 0-22.5 9.5T96 544v704q0 13 9.5 22.5t22.5 9.5h512q13 0 22.5-9.5t9.5-22.5zM480 400q0-16-16-16H304q-16 0-16 16t16 16h160q16 0 16-16zm288-16v1024q0 52-38 90t-90 38H128q-52 0-90-38t-38-90V384q0-52 38-90t90-38h512q52 0 90 38t38 90z\"><\/path>\n    <\/svg><\/span><\/div>\n              <div data-colibri-id=\"309-c25\" class=\"h-global-transition-all h-heading style-321 style-local-309-c25 position-relative h-element\">\n                <!---->\n                <div class=\"h-heading__outer style-321 style-local-309-c25\">\n                  <!---->\n                  <!---->\n                  <h4 class=\"\">BIZUM<\/h4>\n                <\/div>\n              <\/div>\n              <div data-colibri-id=\"309-c26\" class=\"h-text h-text-component style-322 style-local-309-c26 position-relative h-element\">\n                <!---->\n                <!---->\n                <div class=\"\">\n                  <p>08377<\/p>\n                <\/div>\n              <\/div>\n            <\/div>\n          <\/div>\n        <\/div>\n      <\/div>\n    <\/div>\n  <\/div>\n<\/div>\n<\/div>","protected":false},"excerpt":{"rendered":"<p>Entre todos hacemos parroquia, cada aportaci\u00f3n suma. Hay distintas formas de sumar, elige la tuya. Suscripci\u00f3n La mejor forma de colaborar econ\u00f3micamente con la parroquia, es a trav\u00e9s de una suscripci\u00f3n peri\u00f3dica.&nbsp; Conocer cu\u00e1les son los ingresos con los que contamos previamente, nos permite hacer una mejor gesti\u00f3n de dichos recursos econ\u00f3micos y empezar a [&hellip;]<\/p>\n","protected":false},"author":1,"featured_media":0,"parent":0,"menu_order":0,"comment_status":"closed","ping_status":"closed","template":"page-templates\/full-width-page.php","meta":{"footnotes":""},"class_list":["post-309","page","type-page","status-publish","hentry"],"_links":{"self":[{"href":"https:\/\/www.parroquiasanpablovi.es\/index.php\/wp-json\/wp\/v2\/pages\/309","targetHints":{"allow":["GET"]}}],"collection":[{"href":"https:\/\/www.parroquiasanpablovi.es\/index.php\/wp-json\/wp\/v2\/pages"}],"about":[{"href":"https:\/\/www.parroquiasanpablovi.es\/index.php\/wp-json\/wp\/v2\/types\/page"}],"author":[{"embeddable":true,"href":"https:\/\/www.parroquiasanpablovi.es\/index.php\/wp-json\/wp\/v2\/users\/1"}],"replies":[{"embeddable":true,"href":"https:\/\/www.parroquiasanpablovi.es\/index.php\/wp-json\/wp\/v2\/comments?post=309"}],"version-history":[{"count":15,"href":"https:\/\/www.parroquiasanpablovi.es\/index.php\/wp-json\/wp\/v2\/pages\/309\/revisions"}],"predecessor-version":[{"id":1674,"href":"https:\/\/www.parroquiasanpablovi.es\/index.php\/wp-json\/wp\/v2\/pages\/309\/revisions\/1674"}],"wp:attachment":[{"href":"https:\/\/www.parroquiasanpablovi.es\/index.php\/wp-json\/wp\/v2\/media?parent=309"}],"curies":[{"name":"wp","href":"https:\/\/api.w.org\/{rel}","templated":true}]}}